{"id":85,"date":"2026-03-07T14:24:23","date_gmt":"2026-03-07T13:24:23","guid":{"rendered":"https:\/\/lesaccomplies.fr\/?page_id=85"},"modified":"2026-03-07T14:31:26","modified_gmt":"2026-03-07T13:31:26","slug":"manifeste","status":"publish","type":"page","link":"https:\/\/lesaccomplies.fr\/?page_id=85","title":{"rendered":"Manifeste"},"content":{"rendered":"\t\t<div data-elementor-type=\"wp-page\" data-elementor-id=\"85\" class=\"elementor elementor-85\">\n\t\t\t\t<div class=\"elementor-element elementor-element-73d2be1e e-flex e-con-boxed e-con e-parent\" data-id=\"73d2be1e\" data-element_type=\"container\" data-e-type=\"container\" data-settings=\"{&quot;background_background&quot;:&quot;video&quot;,&quot;mauve_ext_bgvideo_controls&quot;:&quot;false&quot;}\">\n\t\t\t\t\t<div class=\"e-con-inner\">\n\t\t<div class=\"elementor-element elementor-element-45566440 e-con-full e-flex e-con e-child\" data-id=\"45566440\" data-element_type=\"container\" data-e-type=\"container\">\n\t\t\t\t<div class=\"elementor-element elementor-element-24f38f03 mauve-separator-align-left mauve-separator-align-center elementor-widget elementor-widget-mauve-fancy_heading\" data-id=\"24f38f03\" data-element_type=\"widget\" data-e-type=\"widget\" data-settings=\"{&quot;mauve_hidepaged&quot;:&quot;false&quot;}\" data-widget_type=\"mauve-fancy_heading.default\">\n\t\t\t\t<div class=\"elementor-widget-container\">\n\t\t\t\t\t\t\t<div class=\"mauve-fancy-heading mauve-heading-text-left\">\n\t\t\t<div class=\"mauve-fancy-heading-inner\">\n\t\t\t\t<div class=\"mauve-heading-subtitle\">About<\/div><h2 class=\"mauve-heading-title\">Meet Clara<\/h2><div class=\"mauve-heading-content entry-content\"><p>BRAND STRATEGIST<\/p>\n<\/div>\t\t\t<\/div>\n\t\t<\/div>\n\t\t\t\t\t\t<\/div>\n\t\t\t\t<\/div>\n\t\t\t\t<div class=\"elementor-element elementor-element-52bc1cf7 elementor-widget elementor-widget-text-editor\" data-id=\"52bc1cf7\" data-element_type=\"widget\" data-e-type=\"widget\" data-settings=\"{&quot;mauve_hidepaged&quot;:&quot;false&quot;}\" data-widget_type=\"text-editor.default\">\n\t\t\t\t\t\t\t\t\t<p>Our journey in marketing has deep roots in our own entrepreneurial path, overcoming challenges to build impactful brands.<\/p>\t\t\t\t\t\t\t\t<\/div>\n\t\t\t\t<div class=\"elementor-element elementor-element-ba489f2 elementor-align-left elementor-tablet-align-center elementor-widget elementor-widget-button\" data-id=\"ba489f2\" data-element_type=\"widget\" data-e-type=\"widget\" data-settings=\"{&quot;mauve_hidepaged&quot;:&quot;false&quot;}\" data-widget_type=\"button.default\">\n\t\t\t\t\t\t\t\t\t\t<a class=\"elementor-button elementor-button-link elementor-size-md\" href=\"\/about\/\">\n\t\t\t\t\t\t<span class=\"elementor-button-content-wrapper\">\n\t\t\t\t\t\t<span class=\"elementor-button-icon\">\n\t\t\t\t<i aria-hidden=\"true\" class=\"ms-icons ms-f-long-arrow-right\"><\/i>\t\t\t<\/span>\n\t\t\t\t\t\t\t\t\t<span class=\"elementor-button-text\">Work With US<\/span>\n\t\t\t\t\t<\/span>\n\t\t\t\t\t<\/a>\n\t\t\t\t\t\t\t\t<\/div>\n\t\t\t\t<\/div>\n\t\t<div class=\"elementor-element elementor-element-5701e229 e-con-full e-flex e-con e-child\" data-id=\"5701e229\" data-element_type=\"container\" data-e-type=\"container\">\n\t\t\t\t<div class=\"elementor-element elementor-element-1062f9d4 elementor-widget elementor-widget-image\" data-id=\"1062f9d4\" data-element_type=\"widget\" data-e-type=\"widget\" data-settings=\"{&quot;mauve_hidepaged&quot;:&quot;false&quot;}\" data-widget_type=\"image.default\">\n\t\t\t\t\t\t\t\t\t\t\t\t\t\t\t<img fetchpriority=\"high\" width=\"576\" height=\"706\"  class=\"attachment-medium_large size-medium_large wp-image-91 lws-optimize-lazyload\" alt=\"\" srcset=\"https:\/\/lesaccomplies.fr\/wp-content\/uploads\/2026\/03\/femmepreneur71-576x706.webp 576w, https:\/\/lesaccomplies.fr\/wp-content\/uploads\/2026\/03\/femmepreneur71-362x444.webp 362w, https:\/\/lesaccomplies.fr\/wp-content\/uploads\/2026\/03\/femmepreneur71-1200x1471.webp 1200w, https:\/\/lesaccomplies.fr\/wp-content\/uploads\/2026\/03\/femmepreneur71-1253x1536.webp 1253w, https:\/\/lesaccomplies.fr\/wp-content\/uploads\/2026\/03\/femmepreneur71-1671x2048.webp 1671w, https:\/\/lesaccomplies.fr\/wp-content\/uploads\/2026\/03\/femmepreneur71-610x748.webp 610w, https:\/\/lesaccomplies.fr\/wp-content\/uploads\/2026\/03\/femmepreneur71-782x959.webp 782w, https:\/\/lesaccomplies.fr\/wp-content\/uploads\/2026\/03\/femmepreneur71.webp 1700w\" sizes=\"(max-width: 576px) 100vw, 576px\" \/ data-src=\"https:\/\/lesaccomplies.fr\/wp-content\/uploads\/2026\/03\/femmepreneur71-576x706.webp\">\t\t\t\t\t\t\t\t\t\t\t\t\t\t\t<\/div>\n\t\t\t\t<div class=\"elementor-element elementor-element-334a9de elementor-absolute elementor-hidden-mobile elementor-hidden-tablet elementor-widget elementor-widget-text-path\" data-id=\"334a9de\" data-element_type=\"widget\" data-e-type=\"widget\" data-settings=\"{&quot;text&quot;:&quot;Work With Me - Work With ME - Work With ME -&quot;,&quot;_position&quot;:&quot;absolute&quot;,&quot;link&quot;:{&quot;url&quot;:&quot;\\\/about\\\/&quot;,&quot;is_external&quot;:&quot;&quot;,&quot;nofollow&quot;:&quot;&quot;,&quot;custom_attributes&quot;:&quot;&quot;},&quot;start_point&quot;:{&quot;unit&quot;:&quot;%&quot;,&quot;size&quot;:0,&quot;sizes&quot;:[]},&quot;mauve_hidepaged&quot;:&quot;false&quot;}\" data-widget_type=\"text-path.default\">\n\t\t\t\t\t\t\t<div class=\"rotating-circle e-text-path elementor-animation-grow\" data-text=\"Work With Me - Work With ME - Work With ME -\" data-url=\"\/\/lesaccomplies.fr\/wp-content\/plugins\/elementor\/assets\/svg-paths\/circle.svg\" data-link-url=\"\/about\/\"><\/div>\n\t\t\t\t\t\t<\/div>\n\t\t\t\t<\/div>\n\t\t<div class=\"elementor-element elementor-element-11d1c46f e-con-full e-flex e-con e-child\" data-id=\"11d1c46f\" data-element_type=\"container\" data-e-type=\"container\">\n\t\t\t\t<div class=\"elementor-element elementor-element-1283cad3 elementor-widget-mobile__width-initial elementor-widget elementor-widget-image\" data-id=\"1283cad3\" data-element_type=\"widget\" data-e-type=\"widget\" data-settings=\"{&quot;mauve_hidepaged&quot;:&quot;false&quot;}\" data-widget_type=\"image.default\">\n\t\t\t\t\t\t\t\t\t\t\t\t\t\t\t<img width=\"362\" height=\"453\"  class=\"attachment-medium size-medium wp-image-92 lws-optimize-lazyload\" alt=\"\" srcset=\"https:\/\/lesaccomplies.fr\/wp-content\/uploads\/2026\/03\/femmepreneur17-362x453.webp 362w, https:\/\/lesaccomplies.fr\/wp-content\/uploads\/2026\/03\/femmepreneur17-1200x1500.webp 1200w, https:\/\/lesaccomplies.fr\/wp-content\/uploads\/2026\/03\/femmepreneur17-576x720.webp 576w, https:\/\/lesaccomplies.fr\/wp-content\/uploads\/2026\/03\/femmepreneur17-1229x1536.webp 1229w, https:\/\/lesaccomplies.fr\/wp-content\/uploads\/2026\/03\/femmepreneur17-1638x2048.webp 1638w, https:\/\/lesaccomplies.fr\/wp-content\/uploads\/2026\/03\/femmepreneur17-610x763.webp 610w, https:\/\/lesaccomplies.fr\/wp-content\/uploads\/2026\/03\/femmepreneur17-782x978.webp 782w, https:\/\/lesaccomplies.fr\/wp-content\/uploads\/2026\/03\/femmepreneur17.webp 1700w\" sizes=\"(max-width: 362px) 100vw, 362px\" \/ data-src=\"https:\/\/lesaccomplies.fr\/wp-content\/uploads\/2026\/03\/femmepreneur17-362x453.webp\">\t\t\t\t\t\t\t\t\t\t\t\t\t\t\t<\/div>\n\t\t\t\t<div data-animation-type=\"block\" class=\"elementor-element elementor-element-6f22cd38 animated-slow mauve-separator-align-left animation_type_block elementor-invisible elementor-widget elementor-widget-mauve-fancy_heading\" data-id=\"6f22cd38\" data-element_type=\"widget\" data-e-type=\"widget\" data-settings=\"{&quot;_animation&quot;:&quot;fadeIn&quot;,&quot;mauve_hidepaged&quot;:&quot;false&quot;,&quot;_animation_type&quot;:&quot;block&quot;}\" data-widget_type=\"mauve-fancy_heading.default\">\n\t\t\t\t<div class=\"elementor-widget-container\">\n\t\t\t\t\t\t\t<div class=\"mauve-fancy-heading mauve-heading-text-left\">\n\t\t\t<div class=\"mauve-fancy-heading-inner\">\n\t\t\t\t<div class=\"mauve-heading-title\">Empowering your vision<\/div><div class=\"mauve-heading-content entry-content\"><p>Transforming challenges into opportunities<\/p>\n<\/div>\t\t\t<\/div>\n\t\t<\/div>\n\t\t\t\t\t\t<\/div>\n\t\t\t\t<\/div>\n\t\t\t\t<\/div>\n\t\t\t\t\t<\/div>\n\t\t\t\t<\/div>\n\t\t<div class=\"elementor-element elementor-element-fe1f238 e-flex e-con-boxed e-con e-parent\" data-id=\"fe1f238\" data-element_type=\"container\" data-e-type=\"container\">\n\t\t\t\t\t<div class=\"e-con-inner\">\n\t\t\t\t<div class=\"elementor-element elementor-element-f679234 elementor-widget elementor-widget-text-editor\" data-id=\"f679234\" data-element_type=\"widget\" data-e-type=\"widget\" data-settings=\"{&quot;mauve_hidepaged&quot;:&quot;false&quot;}\" data-widget_type=\"text-editor.default\">\n\t\t\t\t\t\t\t\t\t<p data-start=\"604\" data-end=\"650\">Les Accomplies est n\u00e9 d\u2019une conviction simple.<\/p><p data-start=\"652\" data-end=\"721\">Une femme ne devrait pas avoir \u00e0 choisir entre ambition et \u00e9quilibre.<\/p><p data-start=\"723\" data-end=\"851\">Pendant longtemps, la r\u00e9ussite a \u00e9t\u00e9 pr\u00e9sent\u00e9e comme un chemin unique :<br data-start=\"794\" data-end=\"797\" \/>travailler plus, aller plus vite, faire toujours plus.<\/p><p data-start=\"853\" data-end=\"912\">Mais beaucoup de femmes ressentent aujourd\u2019hui autre chose.<\/p><p data-start=\"914\" data-end=\"929\">Elles veulent :<\/p><ul data-start=\"931\" data-end=\"1059\"><li data-section-id=\"b91f5t\" data-start=\"931\" data-end=\"972\"><p data-start=\"933\" data-end=\"972\">construire une activit\u00e9 qui a du sens<\/p><\/li><li data-section-id=\"mslflr\" data-start=\"973\" data-end=\"1002\"><p data-start=\"975\" data-end=\"1002\">gagner leur propre argent<\/p><\/li><li data-section-id=\"fcfn5j\" data-start=\"1003\" data-end=\"1031\"><p data-start=\"1005\" data-end=\"1031\">d\u00e9velopper leur ambition<\/p><\/li><li data-section-id=\"e4e41d\" data-start=\"1032\" data-end=\"1059\"><p data-start=\"1034\" data-end=\"1059\">sans renoncer \u00e0 leur vie.<\/p><\/li><\/ul><p data-start=\"1061\" data-end=\"1126\">Elles veulent cr\u00e9er une mani\u00e8re de travailler qui leur ressemble.<\/p><p data-start=\"1128\" data-end=\"1177\">Pas une r\u00e9ussite impos\u00e9e.<br data-start=\"1153\" data-end=\"1156\" \/>Une r\u00e9ussite choisie.<\/p><p data-start=\"1179\" data-end=\"1218\">Les Accomplies est un espace pour cela.<\/p><p data-start=\"1220\" data-end=\"1299\">Un \u00e9cosyst\u00e8me de ressources, d\u2019id\u00e9es et de strat\u00e9gies pour celles qui veulent :<\/p><ul data-start=\"1301\" data-end=\"1450\"><li data-section-id=\"t5dlkr\" data-start=\"1301\" data-end=\"1332\"><p data-start=\"1303\" data-end=\"1332\">mon\u00e9tiser leurs comp\u00e9tences<\/p><\/li><li data-section-id=\"1tdrxha\" data-start=\"1333\" data-end=\"1368\"><p data-start=\"1335\" data-end=\"1368\">comprendre le business en ligne<\/p><\/li><li data-section-id=\"1haf63v\" data-start=\"1369\" data-end=\"1414\"><p data-start=\"1371\" data-end=\"1414\">d\u00e9velopper leur autonomie professionnelle<\/p><\/li><li data-section-id=\"2qwaow\" data-start=\"1415\" data-end=\"1450\"><p data-start=\"1417\" data-end=\"1450\">organiser leur travail autrement.<\/p><\/li><\/ul><p data-start=\"1452\" data-end=\"1526\">Parce que construire une vie ambitieuse demande plus que de la motivation.<\/p><p data-start=\"1528\" data-end=\"1542\">Cela demande :<\/p><ul data-start=\"1544\" data-end=\"1659\"><li data-section-id=\"pfchza\" data-start=\"1544\" data-end=\"1563\"><p data-start=\"1546\" data-end=\"1563\">de la strat\u00e9gie<\/p><\/li><li data-section-id=\"vqub8p\" data-start=\"1564\" data-end=\"1586\"><p data-start=\"1566\" data-end=\"1586\">de la connaissance<\/p><\/li><li data-section-id=\"i7i4we\" data-start=\"1587\" data-end=\"1608\"><p data-start=\"1589\" data-end=\"1608\">de l\u2019organisation<\/p><\/li><li data-section-id=\"136zt70\" data-start=\"1609\" data-end=\"1659\"><p data-start=\"1611\" data-end=\"1659\">et un environnement qui soutient cette ambition.<\/p><\/li><\/ul><p data-start=\"1661\" data-end=\"1738\">Les Accomplies s\u2019adresse aux femmes qui ne veulent plus se mettre en retrait.<\/p><p data-start=\"1740\" data-end=\"1806\">Celles qui savent qu\u2019une autre mani\u00e8re de travailler est possible.<\/p><p data-start=\"1808\" data-end=\"1855\">Celles qui osent construire leur propre chemin.<\/p>\t\t\t\t\t\t\t\t<\/div>\n\t\t\t\t\t<\/div>\n\t\t\t\t<\/div>\n\t\t\t\t<\/div>\n\t\t","protected":false},"excerpt":{"rendered":"<p>About Meet Clara BRAND STRATEGIST Our journey in marketing has deep roots in our own entrepreneurial&#8230;<\/p>","protected":false},"author":1,"featured_media":0,"parent":0,"menu_order":0,"comment_status":"closed","ping_status":"closed","template":"elementor_header_footer","meta":{"footnotes":""},"categories":[],"tags":[],"class_list":["post-85","page","type-page","status-publish","hentry"],"yoast_head":"<!-- This site is optimized with the Yoast SEO plugin v27.3 - https:\/\/yoast.com\/product\/yoast-seo-wordpress\/ -->\n<title>Manifeste &#8226; Les accomplies<\/title>\n<meta name=\"robots\" content=\"index, follow, max-snippet:-1, max-image-preview:large, max-video-preview:-1\" \/>\n<link rel=\"canonical\" href=\"https:\/\/lesaccomplies.fr\/?page_id=85\" \/>\n<meta property=\"og:locale\" content=\"fr_FR\" \/>\n<meta property=\"og:type\" content=\"article\" \/>\n<meta property=\"og:title\" content=\"Manifeste &#8226; Les accomplies\" \/>\n<meta property=\"og:description\" content=\"About Meet Clara BRAND STRATEGIST Our journey in marketing has deep roots in our own entrepreneurial...\" \/>\n<meta property=\"og:url\" content=\"https:\/\/lesaccomplies.fr\/?page_id=85\" \/>\n<meta property=\"og:site_name\" content=\"Les accomplies\" \/>\n<meta property=\"article:modified_time\" content=\"2026-03-07T13:31:26+00:00\" \/>\n<meta property=\"og:image\" content=\"https:\/\/lesaccomplies.fr\/wp-content\/uploads\/2026\/03\/femmepreneur71-576x706.webp\" \/>\n<meta name=\"twitter:card\" content=\"summary_large_image\" \/>\n<meta name=\"twitter:label1\" content=\"Dur\u00e9e de lecture estim\u00e9e\" \/>\n\t<meta name=\"twitter:data1\" content=\"1 minute\" \/>\n<script type=\"application\/ld+json\" class=\"yoast-schema-graph\">{\"@context\":\"https:\\\/\\\/schema.org\",\"@graph\":[{\"@type\":\"WebPage\",\"@id\":\"https:\\\/\\\/lesaccomplies.fr\\\/?page_id=85\",\"url\":\"https:\\\/\\\/lesaccomplies.fr\\\/?page_id=85\",\"name\":\"Manifeste &#8226; Les accomplies\",\"isPartOf\":{\"@id\":\"https:\\\/\\\/lesaccomplies.fr\\\/#website\"},\"primaryImageOfPage\":{\"@id\":\"https:\\\/\\\/lesaccomplies.fr\\\/?page_id=85#primaryimage\"},\"image\":{\"@id\":\"https:\\\/\\\/lesaccomplies.fr\\\/?page_id=85#primaryimage\"},\"thumbnailUrl\":\"https:\\\/\\\/lesaccomplies.fr\\\/wp-content\\\/uploads\\\/2026\\\/03\\\/femmepreneur71-576x706.webp\",\"datePublished\":\"2026-03-07T13:24:23+00:00\",\"dateModified\":\"2026-03-07T13:31:26+00:00\",\"breadcrumb\":{\"@id\":\"https:\\\/\\\/lesaccomplies.fr\\\/?page_id=85#breadcrumb\"},\"inLanguage\":\"fr-FR\",\"potentialAction\":[{\"@type\":\"ReadAction\",\"target\":[\"https:\\\/\\\/lesaccomplies.fr\\\/?page_id=85\"]}]},{\"@type\":\"ImageObject\",\"inLanguage\":\"fr-FR\",\"@id\":\"https:\\\/\\\/lesaccomplies.fr\\\/?page_id=85#primaryimage\",\"url\":\"https:\\\/\\\/lesaccomplies.fr\\\/wp-content\\\/uploads\\\/2026\\\/03\\\/femmepreneur71.webp\",\"contentUrl\":\"https:\\\/\\\/lesaccomplies.fr\\\/wp-content\\\/uploads\\\/2026\\\/03\\\/femmepreneur71.webp\",\"width\":1700,\"height\":2084},{\"@type\":\"BreadcrumbList\",\"@id\":\"https:\\\/\\\/lesaccomplies.fr\\\/?page_id=85#breadcrumb\",\"itemListElement\":[{\"@type\":\"ListItem\",\"position\":1,\"name\":\"Home\",\"item\":\"https:\\\/\\\/lesaccomplies.fr\\\/\"},{\"@type\":\"ListItem\",\"position\":2,\"name\":\"Manifeste\"}]},{\"@type\":\"WebSite\",\"@id\":\"https:\\\/\\\/lesaccomplies.fr\\\/#website\",\"url\":\"https:\\\/\\\/lesaccomplies.fr\\\/\",\"name\":\"Les Accomplies\",\"description\":\"L&#039;\u00e9cosyst\u00e8me de vie des femmes qui osent\",\"publisher\":{\"@id\":\"https:\\\/\\\/lesaccomplies.fr\\\/#organization\"},\"potentialAction\":[{\"@type\":\"SearchAction\",\"target\":{\"@type\":\"EntryPoint\",\"urlTemplate\":\"https:\\\/\\\/lesaccomplies.fr\\\/?s={search_term_string}\"},\"query-input\":{\"@type\":\"PropertyValueSpecification\",\"valueRequired\":true,\"valueName\":\"search_term_string\"}}],\"inLanguage\":\"fr-FR\"},{\"@type\":\"Organization\",\"@id\":\"https:\\\/\\\/lesaccomplies.fr\\\/#organization\",\"name\":\"Les Accomplies\",\"url\":\"https:\\\/\\\/lesaccomplies.fr\\\/\",\"logo\":{\"@type\":\"ImageObject\",\"inLanguage\":\"fr-FR\",\"@id\":\"https:\\\/\\\/lesaccomplies.fr\\\/#\\\/schema\\\/logo\\\/image\\\/\",\"url\":\"https:\\\/\\\/lesaccomplies.fr\\\/wp-content\\\/uploads\\\/2026\\\/03\\\/Les-accomplies-logo.png\",\"contentUrl\":\"https:\\\/\\\/lesaccomplies.fr\\\/wp-content\\\/uploads\\\/2026\\\/03\\\/Les-accomplies-logo.png\",\"width\":1080,\"height\":1350,\"caption\":\"Les Accomplies\"},\"image\":{\"@id\":\"https:\\\/\\\/lesaccomplies.fr\\\/#\\\/schema\\\/logo\\\/image\\\/\"}}]}<\/script>\n<!-- \/ Yoast SEO plugin. -->","yoast_head_json":{"title":"Manifeste &#8226; Les accomplies","robots":{"index":"index","follow":"follow","max-snippet":"max-snippet:-1","max-image-preview":"max-image-preview:large","max-video-preview":"max-video-preview:-1"},"canonical":"https:\/\/lesaccomplies.fr\/?page_id=85","og_locale":"fr_FR","og_type":"article","og_title":"Manifeste &#8226; Les accomplies","og_description":"About Meet Clara BRAND STRATEGIST Our journey in marketing has deep roots in our own entrepreneurial...","og_url":"https:\/\/lesaccomplies.fr\/?page_id=85","og_site_name":"Les accomplies","article_modified_time":"2026-03-07T13:31:26+00:00","og_image":[{"url":"https:\/\/lesaccomplies.fr\/wp-content\/uploads\/2026\/03\/femmepreneur71-576x706.webp","type":"","width":"","height":""}],"twitter_card":"summary_large_image","twitter_misc":{"Dur\u00e9e de lecture estim\u00e9e":"1 minute"},"schema":{"@context":"https:\/\/schema.org","@graph":[{"@type":"WebPage","@id":"https:\/\/lesaccomplies.fr\/?page_id=85","url":"https:\/\/lesaccomplies.fr\/?page_id=85","name":"Manifeste &#8226; Les accomplies","isPartOf":{"@id":"https:\/\/lesaccomplies.fr\/#website"},"primaryImageOfPage":{"@id":"https:\/\/lesaccomplies.fr\/?page_id=85#primaryimage"},"image":{"@id":"https:\/\/lesaccomplies.fr\/?page_id=85#primaryimage"},"thumbnailUrl":"https:\/\/lesaccomplies.fr\/wp-content\/uploads\/2026\/03\/femmepreneur71-576x706.webp","datePublished":"2026-03-07T13:24:23+00:00","dateModified":"2026-03-07T13:31:26+00:00","breadcrumb":{"@id":"https:\/\/lesaccomplies.fr\/?page_id=85#breadcrumb"},"inLanguage":"fr-FR","potentialAction":[{"@type":"ReadAction","target":["https:\/\/lesaccomplies.fr\/?page_id=85"]}]},{"@type":"ImageObject","inLanguage":"fr-FR","@id":"https:\/\/lesaccomplies.fr\/?page_id=85#primaryimage","url":"https:\/\/lesaccomplies.fr\/wp-content\/uploads\/2026\/03\/femmepreneur71.webp","contentUrl":"https:\/\/lesaccomplies.fr\/wp-content\/uploads\/2026\/03\/femmepreneur71.webp","width":1700,"height":2084},{"@type":"BreadcrumbList","@id":"https:\/\/lesaccomplies.fr\/?page_id=85#breadcrumb","itemListElement":[{"@type":"ListItem","position":1,"name":"Home","item":"https:\/\/lesaccomplies.fr\/"},{"@type":"ListItem","position":2,"name":"Manifeste"}]},{"@type":"WebSite","@id":"https:\/\/lesaccomplies.fr\/#website","url":"https:\/\/lesaccomplies.fr\/","name":"Les Accomplies","description":"L&#039;\u00e9cosyst\u00e8me de vie des femmes qui osent","publisher":{"@id":"https:\/\/lesaccomplies.fr\/#organization"},"potentialAction":[{"@type":"SearchAction","target":{"@type":"EntryPoint","urlTemplate":"https:\/\/lesaccomplies.fr\/?s={search_term_string}"},"query-input":{"@type":"PropertyValueSpecification","valueRequired":true,"valueName":"search_term_string"}}],"inLanguage":"fr-FR"},{"@type":"Organization","@id":"https:\/\/lesaccomplies.fr\/#organization","name":"Les Accomplies","url":"https:\/\/lesaccomplies.fr\/","logo":{"@type":"ImageObject","inLanguage":"fr-FR","@id":"https:\/\/lesaccomplies.fr\/#\/schema\/logo\/image\/","url":"https:\/\/lesaccomplies.fr\/wp-content\/uploads\/2026\/03\/Les-accomplies-logo.png","contentUrl":"https:\/\/lesaccomplies.fr\/wp-content\/uploads\/2026\/03\/Les-accomplies-logo.png","width":1080,"height":1350,"caption":"Les Accomplies"},"image":{"@id":"https:\/\/lesaccomplies.fr\/#\/schema\/logo\/image\/"}}]}},"_links":{"self":[{"href":"https:\/\/lesaccomplies.fr\/index.php?rest_route=\/wp\/v2\/pages\/85","targetHints":{"allow":["GET"]}}],"collection":[{"href":"https:\/\/lesaccomplies.fr\/index.php?rest_route=\/wp\/v2\/pages"}],"about":[{"href":"https:\/\/lesaccomplies.fr\/index.php?rest_route=\/wp\/v2\/types\/page"}],"author":[{"embeddable":true,"href":"https:\/\/lesaccomplies.fr\/index.php?rest_route=\/wp\/v2\/users\/1"}],"replies":[{"embeddable":true,"href":"https:\/\/lesaccomplies.fr\/index.php?rest_route=%2Fwp%2Fv2%2Fcomments&post=85"}],"version-history":[{"count":7,"href":"https:\/\/lesaccomplies.fr\/index.php?rest_route=\/wp\/v2\/pages\/85\/revisions"}],"predecessor-version":[{"id":95,"href":"https:\/\/lesaccomplies.fr\/index.php?rest_route=\/wp\/v2\/pages\/85\/revisions\/95"}],"wp:attachment":[{"href":"https:\/\/lesaccomplies.fr\/index.php?rest_route=%2Fwp%2Fv2%2Fmedia&parent=85"}],"wp:term":[{"taxonomy":"category","embeddable":true,"href":"https:\/\/lesaccomplies.fr\/index.php?rest_route=%2Fwp%2Fv2%2Fcategories&post=85"},{"taxonomy":"post_tag","embeddable":true,"href":"https:\/\/lesaccomplies.fr\/index.php?rest_route=%2Fwp%2Fv2%2Ftags&post=85"}],"curies":[{"name":"wp","href":"https:\/\/api.w.org\/{rel}","templated":true}]}}